{"id":1468,"date":"2014-05-30T12:39:03","date_gmt":"2014-05-30T12:39:03","guid":{"rendered":"http:\/\/ventamuguiro.com\/menu\/"},"modified":"2025-04-10T12:46:23","modified_gmt":"2025-04-10T12:46:23","slug":"menu","status":"publish","type":"page","link":"https:\/\/ventamuguiro.com\/en\/menu\/","title":{"rendered":"CARTA \/ MENU"},"content":{"rendered":"\t<div class=\"pixcode  pixcode--grid  grid\" >\n\t\t\t<div class=\"island grid__item six-twelfths palm-one-whole\" >\n\t\t\n<h3><span style=\"font-size: 18pt;\"><span style=\"color: #739e6d;\">STARTERS<\/span><\/span><\/h3>\n<hr \/>\n<div class=\"menu-list menu-list__normal\">\r\n<ul class=\"menu-list__items\">\r\n<li class=\"menu-list__item\">\r\n<h4 class=\"menu-list__item-title\">Maskarada basque pork ham<\/h4>\r\n<span class=\"menu-list__item-price\">23,00<\/span><\/li>\r\n<li class=\"menu-list__item\">\r\n<h4 class=\"menu-list__item-title\">Duck Foie-gras mi-cuit with whole-grain mustard caramel<\/h4>\r\n<span class=\"menu-list__item-price\">20,00<\/span><\/li>\r\n<li class=\"menu-list__item\">\r\n<h4 class=\"menu-list__item-title\">Galician style octopus salad<\/h4>\r\n<span class=\"menu-list__item-price\">18,00<\/span><\/li>\r\n<li class=\"menu-list__item\">\r\n<h4 class=\"menu-list__item-title\">Salad of cod leaves and piquillo peppers<\/h4>\r\n<span class=\"menu-list__item-price\">20,00<\/span><\/li>\r\n<li class=\"menu-list__item\">\r\n<h4 class=\"menu-list__item-title\">Bay of Biscay fillets of anchovy in olive oil<\/h4>\r\n<span class=\"menu-list__item-price\">21,00<\/span><\/li>\r\n<li class=\"menu-list__item\">\r\n<h4 class=\"menu-list__item-title\">Salad of miniature cos lettuce, anchovies salad and garlic vinaigrette<\/h4>\r\n<span class=\"menu-list__item-price\">10,00<\/span><\/li>\r\n<li class=\"menu-list__item\">\r\n<h4 class=\"menu-list__item-title\">Txistorra from Lekunberri<\/h4>\r\n<span class=\"menu-list__item-price\">12,00<\/span><\/li>\r\n<li class=\"menu-list__item\">\r\n<h4 class=\"menu-list__item-title\">Serrano ham croquettes<\/h4>\r\n<span class=\"menu-list__item-price\">10,00<\/span><\/li>\r\n<li class=\"menu-list__item\">\r\n<h4 class=\"menu-list__item-title\">Seafood soup with clams and hake<\/h4>\r\n<span class=\"menu-list__item-price\">10,00<\/span><\/li>\r\n<li class=\"menu-list__item\">\r\n<h4 class=\"menu-list__item-title\">Tolosa style red beans with seasonal side dish<\/h4>\r\n<span class=\"menu-list__item-price\">14,00<\/span><\/li>\r\n<li class=\"menu-list__item\">\r\n<h4 class=\"menu-list__item-title\">Fresh seasonal vegetables cooked with Serrano ham sauce<\/h4>\r\n<span class=\"menu-list__item-price\">15,00<\/span><\/li>\r\n<\/ul>\r\n<\/div>\r\n\n\t<\/div>\n\t<div class=\"island grid__item six-twelfths palm-one-whole\" >\n\t\t\n<h3><span style=\"font-size: 18pt;\"><span style=\"color: #739e6d;\">MEAT DISHES<\/span><\/span><\/h3>\n<hr \/>\n<div class=\"menu-list menu-list__normal\">\r\n<ul class=\"menu-list__items\">\r\n<li class=\"menu-list__item\">\r\n<h4 class=\"menu-list__item-title\">Pig's trotters in milk sauce<\/h4>\r\n<span class=\"menu-list__item-price\">\u00a018,00<\/span><\/li>\r\n<li class=\"menu-list__item\">\r\n<h4 class=\"menu-list__item-title\">\u201cChilindron\u201d style lamb stew<\/h4>\r\n<span class=\"menu-list__item-price\"> 20,00<\/span><\/li>\r\n<li class=\"menu-list__item\">\r\n<h4 class=\"menu-list__item-title\">Grilled veal rib steak with French fries and piquillo peppers<\/h4>\r\n<span class=\"menu-list__item-price\">\u00a025,00<\/span><\/li>\r\n<li class=\"menu-list__item\">\r\n<h4 class=\"menu-list__item-title\">Grilled veal fillet with French fries and piquillo peppers<\/h4>\r\n<span class=\"menu-list__item-price\"> 26,00<\/span><\/li>\r\n<li class=\"menu-list__item\">\r\n<h4 class=\"menu-list__item-title\">Veal tripe and snout stew<\/h4>\r\n<span class=\"menu-list__item-price\">\u00a017,00<\/span><\/li>\r\n<li class=\"menu-list__item\">\r\n<h4 class=\"menu-list__item-title\">Deep-fried breaded veal escalope with French fries<\/h4>\r\n<span class=\"menu-list__item-price\">\u00a015,00<\/span><\/li>\r\n<li class=\"menu-list__item\">\r\n<h4 class=\"menu-list__item-title\">Braised calf\u2019s jaw in a red wine sauce, served with mashed potatoeso<\/h4>\r\n<span class=\"menu-list__item-price\"> 21,00<\/span><\/li>\r\n<li class=\"menu-list__item\">\r\n<h4 class=\"menu-list__item-title\">Grilled duck magret with Porto wine sauce<\/h4>\r\n<span class=\"menu-list__item-price\">\u00a022,00<\/span><\/li>\r\n<\/ul>\r\n<\/div>\r\n\n\t<\/div>\n\t<\/div>\n\t<div class=\"pixcode  pixcode--grid  grid\" >\n\t\t\t<div class=\"island grid__item six-twelfths palm-one-whole\" >\n\t\t\n<h3><span style=\"font-size: 18pt; color: #739e6d;\">FISH &amp; SEAFOOD DISHES<\/span><\/h3>\n<hr \/>\n<div class=\"menu-list menu-list__normal\">\r\n<ul class=\"menu-list__items\">\r\n<li class=\"menu-list__item\">\r\n<h4 class=\"menu-list__item-title\">Tagliatelle pasta with ragout of King prawns<\/h4>\r\n<span class=\"menu-list__item-price\">20,00<\/span><\/li>\r\n<li class=\"menu-list__item\">\r\n<h4 class=\"menu-list__item-title\">Deep-fried battered hake with \u201cbaker\u2019s style\u201d potatoes<\/h4>\r\n<span class=\"menu-list__item-price\">24,00<\/span><\/li>\r\n<li class=\"menu-list__item\">\r\n<h4 class=\"menu-list__item-title\">Hake fillet in crawfish sauce<\/h4>\r\n<span class=\"menu-list__item-price\">24,00<\/span><\/li>\r\n<li class=\"menu-list__item\">\r\n<h4 class=\"menu-list__item-title\">Hake steaks with \u201ckokotxas\u201d in green sauce<\/h4>\r\n<span class=\"menu-list__item-price\">29,00<\/span><\/li>\r\n<li class=\"menu-list__item\">\r\n<h4 class=\"menu-list__item-title\">Grilled nape of hake with garlic and chili fried in olive oil<\/h4>\r\n<span class=\"menu-list__item-price\">24,00<\/span><\/li>\r\n<li class=\"menu-list__item\">\r\n<h4 class=\"menu-list__item-title\">Grilled hake steak with \u201cbaker\u2019s style\u201d potatoes<\/h4>\r\n<span class=\"menu-list__item-price\">24,00<\/span><\/li>\r\n<li class=\"menu-list__item\">\r\n<h4 class=\"menu-list__item-title\">Grilled sole with \u201cbaker\u2019s style\u201d potatoes<\/h4>\r\n<span class=\"menu-list__item-price\">29,00<\/span><\/li>\r\n<li class=\"menu-list__item\">\r\n<h4 class=\"menu-list__item-title\">Grilled monkfish with \u201cbaker\u2019s style\u201d potatoes<\/h4>\r\n<span class=\"menu-list__item-price\">29,00<\/span><\/li>\r\n<li class=\"menu-list__item\">\r\n<h4 class=\"menu-list__item-title\">Loin of salted cod confit in warm olive oil with Biscayan style and pil-pil sauces, and dried black olives<\/h4>\r\n<span class=\"menu-list__item-price\">27,00<\/span><\/li>\r\n<\/ul>\r\n<\/div>\r\n\n\t<\/div>\n\t<div class=\"island grid__item six-twelfths palm-one-whole\" >\n\t\t\n<h3><span style=\"color: #739e6d;\">DESSERTS<\/span><\/h3>\n<hr \/>\n<div class=\"menu-list menu-list__normal\">\r\n<ul class=\"menu-list__items\">\r\n<li class=\"menu-list__item\">\r\n<h4 class=\"menu-list__item-title\">Caramelised brioche and egg yolk bread with cinnamon ice cream<\/h4>\r\n<span class=\"menu-list__item-price\"> 8,50<\/span><\/li>\r\n<li class=\"menu-list__item\">\r\n<h4 class=\"menu-list__item-title\">Red fruit infusion with strawberry cheesecake ice cream<\/h4>\r\n<span class=\"menu-list__item-price\"> 8,00<\/span><\/li>\r\n<li class=\"menu-list__item\">\r\n<h4 class=\"menu-list__item-title\">Iced white chocolate with mango pur\u00e9e<\/h4>\r\n<span class=\"menu-list__item-price\"> 8,00<\/span><\/li>\r\n<li class=\"menu-list__item\">\r\n<h4 class=\"menu-list__item-title\">Goxua<\/h4>\r\n<span class=\"menu-list__item-price\"> 7,50<\/span><\/li>\r\n<li class=\"menu-list__item\">\r\n<h4 class=\"menu-list__item-title\"> Puff pastry filled with cr\u00e8me p\u00e2tissi\u00e8re and topped with whipped cream<\/h4>\r\n<span class=\"menu-list__item-price\"> 7,50<\/span><\/li>\r\n<li class=\"menu-list__item\">\r\n<h4 class=\"menu-list__item-title\"> Chocolate trifle<\/h4>\r\n<span class=\"menu-list__item-price\"> 7,50<\/span><\/li>\r\n<li class=\"menu-list__item\">\r\n<h4 class=\"menu-list__item-title\">Anisette scented pastry cream in rolled fried cones with hot chocolate sauce<\/h4>\r\n<span class=\"menu-list__item-price\"> 8,50<\/span><\/li>\r\n<li class=\"menu-list__item\">\r\n<h4 class=\"menu-list__item-title\">Local sheep\u2019s milk curd<\/h4>\r\n<span class=\"menu-list__item-price\"> 7,00<\/span><\/li>\r\n<li class=\"menu-list__item\">\r\n<h4 class=\"menu-list__item-title\">Lemon sorbet with cava sparkling wine<\/h4>\r\n<span class=\"menu-list__item-price\"> 7,00<\/span><\/li>\r\n<li class=\"menu-list__item\">\r\n<h4 class=\"menu-list__item-title\">Idiazabal (PDO) cured cheese with quince jam<\/h4>\r\n<span class=\"menu-list__item-price\"> 8,50<\/span><\/li>\r\n<li class=\"menu-list__item\">\r\n<h4 class=\"menu-list__item-title\">Assorted ice cream<\/h4>\r\n<span class=\"menu-list__item-price\"> 7,50<\/span><\/li>\r\n<\/ul>\r\n<\/div>\r\n\n\t<\/div>\n\t<\/div>\n\n<p style=\"text-align: center;\"><img decoding=\"async\" loading=\"lazy\" class=\"alignnone wp-image-753\" src=\"https:\/\/ventamuguiro.com\/wp-content\/uploads\/2018\/07\/icono_o_verde.png\" alt=\"\" width=\"30\" height=\"30\" \/><\/p>\n","protected":false},"excerpt":{"rendered":"","protected":false},"author":1,"featured_media":1338,"parent":0,"menu_order":0,"comment_status":"closed","ping_status":"closed","template":"","meta":[],"_links":{"self":[{"href":"https:\/\/ventamuguiro.com\/en\/wp-json\/wp\/v2\/pages\/1468"}],"collection":[{"href":"https:\/\/ventamuguiro.com\/en\/wp-json\/wp\/v2\/pages"}],"about":[{"href":"https:\/\/ventamuguiro.com\/en\/wp-json\/wp\/v2\/types\/page"}],"author":[{"embeddable":true,"href":"https:\/\/ventamuguiro.com\/en\/wp-json\/wp\/v2\/users\/1"}],"replies":[{"embeddable":true,"href":"https:\/\/ventamuguiro.com\/en\/wp-json\/wp\/v2\/comments?post=1468"}],"version-history":[{"count":13,"href":"https:\/\/ventamuguiro.com\/en\/wp-json\/wp\/v2\/pages\/1468\/revisions"}],"predecessor-version":[{"id":1770,"href":"https:\/\/ventamuguiro.com\/en\/wp-json\/wp\/v2\/pages\/1468\/revisions\/1770"}],"wp:featuredmedia":[{"embeddable":true,"href":"https:\/\/ventamuguiro.com\/en\/wp-json\/wp\/v2\/media\/1338"}],"wp:attachment":[{"href":"https:\/\/ventamuguiro.com\/en\/wp-json\/wp\/v2\/media?parent=1468"}],"curies":[{"name":"wp","href":"https:\/\/api.w.org\/{rel}","templated":true}]}}